{"id":107,"date":"2024-04-05T11:48:41","date_gmt":"2024-04-05T09:48:41","guid":{"rendered":"https:\/\/anna-terrae.com\/?page_id=107"},"modified":"2024-04-11T13:36:10","modified_gmt":"2024-04-11T11:36:10","slug":"mentions-legales","status":"publish","type":"page","link":"https:\/\/anna-terrae.com\/index.php\/mentions-legales\/","title":{"rendered":"Mentions-l\u00e9gales"},"content":{"rendered":"\n    \n    <section class=\"u-clearfix u-section-2\" id=\"sec-53cd\">\n      <div class=\"u-clearfix u-sheet u-sheet-1\">\n        <div class=\"u-container-style u-expanded-width u-group u-group-1\">\n          <div class=\"u-container-layout u-container-layout-1\">\n            <p class=\"u-text u-text-1\">Mentions l\u00e9gales<\/p>\n            <p class=\"u-align-justify u-text u-text-grey-75 u-text-2\"> Bienvenue sur notre site web. Nous vous invitons \u00e0 lire attentivement les mentions l\u00e9gales ci-dessous avant d'utiliser notre site. En acc\u00e9dant et en utilisant ce site, vous acceptez d'\u00eatre li\u00e9 par ces mentions l\u00e9gales. Si vous n'acceptez pas ces conditions, veuillez ne pas utiliser notre site.<\/p>\n            <p class=\"u-text u-text-grey-75 u-text-3\"> Informations relatives au site<\/p>\n            <p class=\"u-text u-text-grey-75 u-text-4\"> Le site Anna Terrae [ci-apr\u00e8s \u201cle Site\u201d] accessible \u00e0 l\u2019adresse https:\/\/anna-terrae.com est \u00e9dit\u00e9 par Anne Le Dantec [ci-apr\u00e8s \u201cl\u2019Editeur\u201d].<\/p>\n            <p class=\"u-text u-text-grey-75 u-text-5\">\n              <span style=\"font-size: 0.9375rem;\"> Responsable de la publication, design :&nbsp;&nbsp;<\/span>\n              <span style=\"font-weight: 400;\">Anne Le Dantec \u2013 contact@anna-terrae.com<\/span>\n            <\/p>\n            <p class=\"u-text u-text-grey-75 u-text-6\">\n              <span style=\"font-weight: 700; font-size: 0.9375rem;\"> R\u00e9alisation du site :<\/span>&nbsp; &nbsp;Jean-Jo\u00ebl LARA\n            <\/p>\n            <p class=\"u-text u-text-grey-75 u-text-7\">\n              <span style=\"font-weight: 700; font-size: 0.9375rem;\"> H\u00e9bergeur :<\/span>&nbsp;Hostinger International Ltd. 61 Lordou Vironos st. 6023 Larnaca, Chypre\n            <\/p>\n            <p class=\"u-text u-text-grey-75 u-text-8\"> Propri\u00e9t\u00e9 intellectuelle <span style=\"font-weight: 700;\"><\/span>\n            <\/p>\n            <p class=\"u-align-justify u-text u-text-grey-75 u-text-9\"> Tous les contenus pr\u00e9sents sur ce site, tels que les textes, les images, les logos, les graphiques, les vid\u00e9os, les sons, les ic\u00f4nes et les logiciels, sont la propri\u00e9t\u00e9 exclusive l\u2019\u00e9ditrice et sont prot\u00e9g\u00e9s par les lois fran\u00e7aises et internationales sur la propri\u00e9t\u00e9 intellectuelle. Aucune partie de ce site ne peut \u00eatre reproduite, modifi\u00e9e, distribu\u00e9e, republi\u00e9e, t\u00e9l\u00e9charg\u00e9e, affich\u00e9e ou transmise sous quelque forme que ce soit sans notre autorisation pr\u00e9alable \u00e9crite.<\/p>\n            <p class=\"u-text u-text-grey-75 u-text-10\"> Responsabilit\u00e9<\/p>\n            <p class=\"u-align-justify u-text u-text-grey-75 u-text-11\"> Nous nous effor\u00e7ons de fournir des informations pr\u00e9cises et \u00e0 jour sur notre site web. Cependant, nous ne pouvons garantir l'exactitude, l'exhaustivit\u00e9 ou la pertinence des informations fournies. Par cons\u00e9quent, nous d\u00e9clinons toute responsabilit\u00e9 en cas d'erreurs ou d'omissions dans les informations pr\u00e9sentes sur ce site. Nous ne serons pas responsables des dommages directs, indirects, sp\u00e9ciaux, cons\u00e9cutifs ou punitifs r\u00e9sultant de l'utilisation ou de l'impossibilit\u00e9 d'utiliser ce site. Nous nous r\u00e9servons le droit de modifier, de supprimer ou de mettre \u00e0 jour les informations pr\u00e9sentes sur ce site \u00e0 tout moment et sans pr\u00e9avis.<\/p>\n            <p class=\"u-text u-text-grey-75 u-text-12\"> Liens vers d'autres sites<\/p>\n            <p class=\"u-align-justify u-text u-text-grey-75 u-text-13\"> Notre site peut contenir des liens vers d'autres sites web qui ne sont pas sous notre contr\u00f4le. Nous n'assumons aucune responsabilit\u00e9 quant au contenu de ces sites web et nous ne pouvons \u00eatre tenus responsables des dommages ou pertes caus\u00e9s par l'utilisation de ces sites. Nous vous encourageons \u00e0 lire les politiques de confidentialit\u00e9 et les conditions d'utilisation de tout site web tiers que vous visitez. Pour toute question ou demande concernant nos mentions l\u00e9gales, veuillez nous contacter via les coordonn\u00e9es fournies sur notre site.<\/p>\n          <\/div>\n        <\/div>\n      <\/div>\n    <\/section>\n    \n    \n    \n  \n","protected":false},"excerpt":{"rendered":"<p>Mentions l\u00e9gales Bienvenue sur notre site web. Nous vous invitons \u00e0 lire attentivement les mentions l\u00e9gales ci-dessous avant d&rsquo;utiliser notre site. En acc\u00e9dant et en utilisant ce site, vous acceptez d&rsquo;\u00eatre li\u00e9 par ces mentions l\u00e9gales. Si vous n&rsquo;acceptez pas ces conditions, veuillez ne pas utiliser notre site. Informations relatives au site Le site Anna &hellip; <a href=\"https:\/\/anna-terrae.com\/index.php\/mentions-legales\/\" class=\"more-link\">Continue reading<span class=\"screen-reader-text\"> \u00ab\u00a0Mentions-l\u00e9gales\u00a0\u00bb<\/span><\/a><\/p>\n","protected":false},"author":1,"featured_media":0,"parent":0,"menu_order":0,"comment_status":"closed","ping_status":"closed","template":"","meta":{"footnotes":""},"class_list":["post-107","page","type-page","status-publish","hentry"],"yoast_head":"<!-- This site is optimized with the Yoast SEO plugin v27.5 - https:\/\/yoast.com\/product\/yoast-seo-wordpress\/ -->\n<title>Mentions-l\u00e9gales - Anna Terrae<\/title>\n<meta name=\"robots\" content=\"index, follow, max-snippet:-1, max-image-preview:large, max-video-preview:-1\" \/>\n<link rel=\"canonical\" href=\"https:\/\/anna-terrae.com\/index.php\/mentions-legales\/\" \/>\n<meta property=\"og:locale\" content=\"fr_FR\" \/>\n<meta property=\"og:type\" content=\"article\" \/>\n<meta property=\"og:title\" content=\"Mentions-l\u00e9gales - Anna Terrae\" \/>\n<meta property=\"og:description\" content=\"Mentions l\u00e9gales Bienvenue sur notre site web. Nous vous invitons \u00e0 lire attentivement les mentions l\u00e9gales ci-dessous avant d&#039;utiliser notre site. En acc\u00e9dant et en utilisant ce site, vous acceptez d&#039;\u00eatre li\u00e9 par ces mentions l\u00e9gales. Si vous n&#039;acceptez pas ces conditions, veuillez ne pas utiliser notre site. Informations relatives au site Le site Anna &hellip; Continue reading &quot;Mentions-l\u00e9gales&quot;\" \/>\n<meta property=\"og:url\" content=\"https:\/\/anna-terrae.com\/index.php\/mentions-legales\/\" \/>\n<meta property=\"og:site_name\" content=\"Anna Terrae\" \/>\n<meta property=\"article:modified_time\" content=\"2024-04-11T11:36:10+00:00\" \/>\n<meta name=\"twitter:card\" content=\"summary_large_image\" \/>\n<meta name=\"twitter:label1\" content=\"Dur\u00e9e de lecture estim\u00e9e\" \/>\n\t<meta name=\"twitter:data1\" content=\"2 minutes\" \/>\n<script type=\"application\/ld+json\" class=\"yoast-schema-graph\">{\"@context\":\"https:\\\/\\\/schema.org\",\"@graph\":[{\"@type\":\"WebPage\",\"@id\":\"https:\\\/\\\/anna-terrae.com\\\/index.php\\\/mentions-legales\\\/\",\"url\":\"https:\\\/\\\/anna-terrae.com\\\/index.php\\\/mentions-legales\\\/\",\"name\":\"Mentions-l\u00e9gales - Anna Terrae\",\"isPartOf\":{\"@id\":\"https:\\\/\\\/anna-terrae.com\\\/#website\"},\"datePublished\":\"2024-04-05T09:48:41+00:00\",\"dateModified\":\"2024-04-11T11:36:10+00:00\",\"breadcrumb\":{\"@id\":\"https:\\\/\\\/anna-terrae.com\\\/index.php\\\/mentions-legales\\\/#breadcrumb\"},\"inLanguage\":\"fr-FR\",\"potentialAction\":[{\"@type\":\"ReadAction\",\"target\":[\"https:\\\/\\\/anna-terrae.com\\\/index.php\\\/mentions-legales\\\/\"]}]},{\"@type\":\"BreadcrumbList\",\"@id\":\"https:\\\/\\\/anna-terrae.com\\\/index.php\\\/mentions-legales\\\/#breadcrumb\",\"itemListElement\":[{\"@type\":\"ListItem\",\"position\":1,\"name\":\"Accueil\",\"item\":\"https:\\\/\\\/anna-terrae.com\\\/\"},{\"@type\":\"ListItem\",\"position\":2,\"name\":\"Mentions-l\u00e9gales\"}]},{\"@type\":\"WebSite\",\"@id\":\"https:\\\/\\\/anna-terrae.com\\\/#website\",\"url\":\"https:\\\/\\\/anna-terrae.com\\\/\",\"name\":\"Anna Terrae\",\"description\":\"\",\"publisher\":{\"@id\":\"https:\\\/\\\/anna-terrae.com\\\/#\\\/schema\\\/person\\\/d062b9c9a9a1545505b24f7891d91c12\"},\"potentialAction\":[{\"@type\":\"SearchAction\",\"target\":{\"@type\":\"EntryPoint\",\"urlTemplate\":\"https:\\\/\\\/anna-terrae.com\\\/?s={search_term_string}\"},\"query-input\":{\"@type\":\"PropertyValueSpecification\",\"valueRequired\":true,\"valueName\":\"search_term_string\"}}],\"inLanguage\":\"fr-FR\"},{\"@type\":[\"Person\",\"Organization\"],\"@id\":\"https:\\\/\\\/anna-terrae.com\\\/#\\\/schema\\\/person\\\/d062b9c9a9a1545505b24f7891d91c12\",\"name\":\"Anna Terrae\",\"image\":{\"@type\":\"ImageObject\",\"inLanguage\":\"fr-FR\",\"@id\":\"https:\\\/\\\/secure.gravatar.com\\\/avatar\\\/68fe86b675bc3a49066a88fbaa01ab9f4a09a64b93e7174b1ed3695be7842049?s=96&d=mm&r=g\",\"url\":\"https:\\\/\\\/secure.gravatar.com\\\/avatar\\\/68fe86b675bc3a49066a88fbaa01ab9f4a09a64b93e7174b1ed3695be7842049?s=96&d=mm&r=g\",\"contentUrl\":\"https:\\\/\\\/secure.gravatar.com\\\/avatar\\\/68fe86b675bc3a49066a88fbaa01ab9f4a09a64b93e7174b1ed3695be7842049?s=96&d=mm&r=g\",\"caption\":\"Anna Terrae\"},\"logo\":{\"@id\":\"https:\\\/\\\/secure.gravatar.com\\\/avatar\\\/68fe86b675bc3a49066a88fbaa01ab9f4a09a64b93e7174b1ed3695be7842049?s=96&d=mm&r=g\"}}]}<\/script>\n<!-- \/ Yoast SEO plugin. -->","yoast_head_json":{"title":"Mentions-l\u00e9gales - Anna Terrae","robots":{"index":"index","follow":"follow","max-snippet":"max-snippet:-1","max-image-preview":"max-image-preview:large","max-video-preview":"max-video-preview:-1"},"canonical":"https:\/\/anna-terrae.com\/index.php\/mentions-legales\/","og_locale":"fr_FR","og_type":"article","og_title":"Mentions-l\u00e9gales - Anna Terrae","og_description":"Mentions l\u00e9gales Bienvenue sur notre site web. Nous vous invitons \u00e0 lire attentivement les mentions l\u00e9gales ci-dessous avant d'utiliser notre site. En acc\u00e9dant et en utilisant ce site, vous acceptez d'\u00eatre li\u00e9 par ces mentions l\u00e9gales. Si vous n'acceptez pas ces conditions, veuillez ne pas utiliser notre site. Informations relatives au site Le site Anna &hellip; Continue reading \"Mentions-l\u00e9gales\"","og_url":"https:\/\/anna-terrae.com\/index.php\/mentions-legales\/","og_site_name":"Anna Terrae","article_modified_time":"2024-04-11T11:36:10+00:00","twitter_card":"summary_large_image","twitter_misc":{"Dur\u00e9e de lecture estim\u00e9e":"2 minutes"},"schema":{"@context":"https:\/\/schema.org","@graph":[{"@type":"WebPage","@id":"https:\/\/anna-terrae.com\/index.php\/mentions-legales\/","url":"https:\/\/anna-terrae.com\/index.php\/mentions-legales\/","name":"Mentions-l\u00e9gales - Anna Terrae","isPartOf":{"@id":"https:\/\/anna-terrae.com\/#website"},"datePublished":"2024-04-05T09:48:41+00:00","dateModified":"2024-04-11T11:36:10+00:00","breadcrumb":{"@id":"https:\/\/anna-terrae.com\/index.php\/mentions-legales\/#breadcrumb"},"inLanguage":"fr-FR","potentialAction":[{"@type":"ReadAction","target":["https:\/\/anna-terrae.com\/index.php\/mentions-legales\/"]}]},{"@type":"BreadcrumbList","@id":"https:\/\/anna-terrae.com\/index.php\/mentions-legales\/#breadcrumb","itemListElement":[{"@type":"ListItem","position":1,"name":"Accueil","item":"https:\/\/anna-terrae.com\/"},{"@type":"ListItem","position":2,"name":"Mentions-l\u00e9gales"}]},{"@type":"WebSite","@id":"https:\/\/anna-terrae.com\/#website","url":"https:\/\/anna-terrae.com\/","name":"Anna Terrae","description":"","publisher":{"@id":"https:\/\/anna-terrae.com\/#\/schema\/person\/d062b9c9a9a1545505b24f7891d91c12"},"potentialAction":[{"@type":"SearchAction","target":{"@type":"EntryPoint","urlTemplate":"https:\/\/anna-terrae.com\/?s={search_term_string}"},"query-input":{"@type":"PropertyValueSpecification","valueRequired":true,"valueName":"search_term_string"}}],"inLanguage":"fr-FR"},{"@type":["Person","Organization"],"@id":"https:\/\/anna-terrae.com\/#\/schema\/person\/d062b9c9a9a1545505b24f7891d91c12","name":"Anna Terrae","image":{"@type":"ImageObject","inLanguage":"fr-FR","@id":"https:\/\/secure.gravatar.com\/avatar\/68fe86b675bc3a49066a88fbaa01ab9f4a09a64b93e7174b1ed3695be7842049?s=96&d=mm&r=g","url":"https:\/\/secure.gravatar.com\/avatar\/68fe86b675bc3a49066a88fbaa01ab9f4a09a64b93e7174b1ed3695be7842049?s=96&d=mm&r=g","contentUrl":"https:\/\/secure.gravatar.com\/avatar\/68fe86b675bc3a49066a88fbaa01ab9f4a09a64b93e7174b1ed3695be7842049?s=96&d=mm&r=g","caption":"Anna Terrae"},"logo":{"@id":"https:\/\/secure.gravatar.com\/avatar\/68fe86b675bc3a49066a88fbaa01ab9f4a09a64b93e7174b1ed3695be7842049?s=96&d=mm&r=g"}}]}},"_links":{"self":[{"href":"https:\/\/anna-terrae.com\/index.php\/wp-json\/wp\/v2\/pages\/107","targetHints":{"allow":["GET"]}}],"collection":[{"href":"https:\/\/anna-terrae.com\/index.php\/wp-json\/wp\/v2\/pages"}],"about":[{"href":"https:\/\/anna-terrae.com\/index.php\/wp-json\/wp\/v2\/types\/page"}],"author":[{"embeddable":true,"href":"https:\/\/anna-terrae.com\/index.php\/wp-json\/wp\/v2\/users\/1"}],"replies":[{"embeddable":true,"href":"https:\/\/anna-terrae.com\/index.php\/wp-json\/wp\/v2\/comments?post=107"}],"version-history":[{"count":25,"href":"https:\/\/anna-terrae.com\/index.php\/wp-json\/wp\/v2\/pages\/107\/revisions"}],"predecessor-version":[{"id":447,"href":"https:\/\/anna-terrae.com\/index.php\/wp-json\/wp\/v2\/pages\/107\/revisions\/447"}],"wp:attachment":[{"href":"https:\/\/anna-terrae.com\/index.php\/wp-json\/wp\/v2\/media?parent=107"}],"curies":[{"name":"wp","href":"https:\/\/api.w.org\/{rel}","templated":true}]}}