{"id":83,"date":"2024-04-04T19:10:02","date_gmt":"2024-04-04T17:10:02","guid":{"rendered":"https:\/\/anna-terrae.com\/?page_id=83"},"modified":"2024-05-30T18:17:08","modified_gmt":"2024-05-30T16:17:08","slug":"points-de-vente","status":"publish","type":"page","link":"https:\/\/anna-terrae.com\/index.php\/points-de-vente\/","title":{"rendered":"Points-de-vente-1"},"content":{"rendered":"\n    \n    <section class=\"u-clearfix u-section-2\" id=\"sec-fbae\">\n      <div class=\"u-clearfix u-sheet u-valign-middle-md u-sheet-1\">\n        <div class=\"u-container-style u-expanded-width u-group u-group-1\">\n          <div class=\"u-container-layout u-container-layout-1\">\n            <p class=\"u-text u-text-grey-90 u-text-1\">Librairie MiMA<\/p>\n            <p class=\"u-text u-text-2\">\n              <span class=\"u-text-grey-90\">T\u00e9l.&nbsp; 04 96 19 54 92<br>52 av. Madrague de Montredon<br>13008 Marseille\n              <\/span>\n              <br>Mardi \u00e0 samedi : 8H30-19H30<br>\n            <\/p>\n            <p class=\"u-text u-text-grey-90 u-text-3\">Espace Culturel Leclerc<\/p>\n            <p class=\"u-text u-text-grey-90 u-text-4\"> T\u00e9l.&nbsp; 04 96 14 07 30<br>ZAC Baou de Sormiou<br>Chemin du Roy d'Espagne<br>13009 Marseille<br>Lundi \u00e0 samedi : 9H-20H<br>\n            <\/p>\n            <p class=\"u-text u-text-grey-90 u-text-5\">Librairie Prado Paradis<\/p>\n            <p class=\"u-text u-text-6\">T\u00e9l.&nbsp; 04 91 76 55 96<br>19 av. de Mazargues<br>13008 Marseille<br>Lundi \u00e0 samedi : 10H-19H<br>Juillet-ao\u00fbt &gt;<br>Mardi \u00e0 samedi : 10H-19H<br>\n            <\/p>\n            <p class=\"u-text u-text-grey-90 u-text-7\">Presse Les M\u00e9nines<\/p>\n            <p class=\"u-text u-text-8\">T\u00e9l.&nbsp; 04 91 25 30 20<br>6 boulevard V\u00e9lasquez<br>Parc Roy d'Espagne<br>13008 Marseille<br>Lundi \u00e0 samedi :<br>7H-12H30, 16H-19H30<br>Dimanche : 8H-12H30<br>\n            <\/p>\n            <p class=\"u-text u-text-grey-90 u-text-9\">Carrefour Bonneveine<\/p>\n            <p class=\"u-text u-text-10\">T\u00e9l.&nbsp; 04 91 30 53 79<br>112 avenue de Hambourg<br>13008 Marseille<br>Lundi \u00e0 samedi : 8H-21H<br>Dimanche : 8H-12H30<br>\n            <\/p>\n          <\/div>\n        <\/div>\n      <\/div>\n    <\/section>\n    \n    \n    \n  \n","protected":false},"excerpt":{"rendered":"<p>Librairie MiMA T\u00e9l.&nbsp; 04 96 19 54 9252 av. Madrague de Montredon13008 Marseille Mardi \u00e0 samedi : 8H30-19H30 Espace Culturel Leclerc T\u00e9l.&nbsp; 04 96 14 07 30ZAC Baou de SormiouChemin du Roy d&rsquo;Espagne13009 MarseilleLundi \u00e0 samedi : 9H-20H Librairie Prado Paradis T\u00e9l.&nbsp; 04 91 76 55 9619 av. de Mazargues13008 MarseilleLundi \u00e0 samedi : 10H-19HJuillet-ao\u00fbt &hellip; <a href=\"https:\/\/anna-terrae.com\/index.php\/points-de-vente\/\" class=\"more-link\">Continue reading<span class=\"screen-reader-text\"> \u00ab\u00a0Points-de-vente-1\u00a0\u00bb<\/span><\/a><\/p>\n","protected":false},"author":1,"featured_media":0,"parent":0,"menu_order":0,"comment_status":"closed","ping_status":"closed","template":"","meta":{"footnotes":""},"class_list":["post-83","page","type-page","status-publish","hentry"],"yoast_head":"<!-- This site is optimized with the Yoast SEO plugin v27.5 - https:\/\/yoast.com\/product\/yoast-seo-wordpress\/ -->\n<title>Points-de-vente-1 - Anna Terrae<\/title>\n<meta name=\"robots\" content=\"index, follow, max-snippet:-1, max-image-preview:large, max-video-preview:-1\" \/>\n<link rel=\"canonical\" href=\"https:\/\/anna-terrae.com\/index.php\/points-de-vente\/\" \/>\n<meta property=\"og:locale\" content=\"fr_FR\" \/>\n<meta property=\"og:type\" content=\"article\" \/>\n<meta property=\"og:title\" content=\"Points-de-vente-1 - Anna Terrae\" \/>\n<meta property=\"og:description\" content=\"Librairie MiMA T\u00e9l.&nbsp; 04 96 19 54 9252 av. Madrague de Montredon13008 Marseille Mardi \u00e0 samedi : 8H30-19H30 Espace Culturel Leclerc T\u00e9l.&nbsp; 04 96 14 07 30ZAC Baou de SormiouChemin du Roy d&#039;Espagne13009 MarseilleLundi \u00e0 samedi : 9H-20H Librairie Prado Paradis T\u00e9l.&nbsp; 04 91 76 55 9619 av. de Mazargues13008 MarseilleLundi \u00e0 samedi : 10H-19HJuillet-ao\u00fbt &hellip; Continue reading &quot;Points-de-vente-1&quot;\" \/>\n<meta property=\"og:url\" content=\"https:\/\/anna-terrae.com\/index.php\/points-de-vente\/\" \/>\n<meta property=\"og:site_name\" content=\"Anna Terrae\" \/>\n<meta property=\"article:modified_time\" content=\"2024-05-30T16:17:08+00:00\" \/>\n<meta name=\"twitter:card\" content=\"summary_large_image\" \/>\n<script type=\"application\/ld+json\" class=\"yoast-schema-graph\">{\"@context\":\"https:\\\/\\\/schema.org\",\"@graph\":[{\"@type\":\"WebPage\",\"@id\":\"https:\\\/\\\/anna-terrae.com\\\/index.php\\\/points-de-vente\\\/\",\"url\":\"https:\\\/\\\/anna-terrae.com\\\/index.php\\\/points-de-vente\\\/\",\"name\":\"Points-de-vente-1 - Anna Terrae\",\"isPartOf\":{\"@id\":\"https:\\\/\\\/anna-terrae.com\\\/#website\"},\"datePublished\":\"2024-04-04T17:10:02+00:00\",\"dateModified\":\"2024-05-30T16:17:08+00:00\",\"breadcrumb\":{\"@id\":\"https:\\\/\\\/anna-terrae.com\\\/index.php\\\/points-de-vente\\\/#breadcrumb\"},\"inLanguage\":\"fr-FR\",\"potentialAction\":[{\"@type\":\"ReadAction\",\"target\":[\"https:\\\/\\\/anna-terrae.com\\\/index.php\\\/points-de-vente\\\/\"]}]},{\"@type\":\"BreadcrumbList\",\"@id\":\"https:\\\/\\\/anna-terrae.com\\\/index.php\\\/points-de-vente\\\/#breadcrumb\",\"itemListElement\":[{\"@type\":\"ListItem\",\"position\":1,\"name\":\"Accueil\",\"item\":\"https:\\\/\\\/anna-terrae.com\\\/\"},{\"@type\":\"ListItem\",\"position\":2,\"name\":\"Points-de-vente-1\"}]},{\"@type\":\"WebSite\",\"@id\":\"https:\\\/\\\/anna-terrae.com\\\/#website\",\"url\":\"https:\\\/\\\/anna-terrae.com\\\/\",\"name\":\"Anna Terrae\",\"description\":\"\",\"publisher\":{\"@id\":\"https:\\\/\\\/anna-terrae.com\\\/#\\\/schema\\\/person\\\/d062b9c9a9a1545505b24f7891d91c12\"},\"potentialAction\":[{\"@type\":\"SearchAction\",\"target\":{\"@type\":\"EntryPoint\",\"urlTemplate\":\"https:\\\/\\\/anna-terrae.com\\\/?s={search_term_string}\"},\"query-input\":{\"@type\":\"PropertyValueSpecification\",\"valueRequired\":true,\"valueName\":\"search_term_string\"}}],\"inLanguage\":\"fr-FR\"},{\"@type\":[\"Person\",\"Organization\"],\"@id\":\"https:\\\/\\\/anna-terrae.com\\\/#\\\/schema\\\/person\\\/d062b9c9a9a1545505b24f7891d91c12\",\"name\":\"Anna Terrae\",\"image\":{\"@type\":\"ImageObject\",\"inLanguage\":\"fr-FR\",\"@id\":\"https:\\\/\\\/secure.gravatar.com\\\/avatar\\\/68fe86b675bc3a49066a88fbaa01ab9f4a09a64b93e7174b1ed3695be7842049?s=96&d=mm&r=g\",\"url\":\"https:\\\/\\\/secure.gravatar.com\\\/avatar\\\/68fe86b675bc3a49066a88fbaa01ab9f4a09a64b93e7174b1ed3695be7842049?s=96&d=mm&r=g\",\"contentUrl\":\"https:\\\/\\\/secure.gravatar.com\\\/avatar\\\/68fe86b675bc3a49066a88fbaa01ab9f4a09a64b93e7174b1ed3695be7842049?s=96&d=mm&r=g\",\"caption\":\"Anna Terrae\"},\"logo\":{\"@id\":\"https:\\\/\\\/secure.gravatar.com\\\/avatar\\\/68fe86b675bc3a49066a88fbaa01ab9f4a09a64b93e7174b1ed3695be7842049?s=96&d=mm&r=g\"}}]}<\/script>\n<!-- \/ Yoast SEO plugin. -->","yoast_head_json":{"title":"Points-de-vente-1 - Anna Terrae","robots":{"index":"index","follow":"follow","max-snippet":"max-snippet:-1","max-image-preview":"max-image-preview:large","max-video-preview":"max-video-preview:-1"},"canonical":"https:\/\/anna-terrae.com\/index.php\/points-de-vente\/","og_locale":"fr_FR","og_type":"article","og_title":"Points-de-vente-1 - Anna Terrae","og_description":"Librairie MiMA T\u00e9l.&nbsp; 04 96 19 54 9252 av. Madrague de Montredon13008 Marseille Mardi \u00e0 samedi : 8H30-19H30 Espace Culturel Leclerc T\u00e9l.&nbsp; 04 96 14 07 30ZAC Baou de SormiouChemin du Roy d'Espagne13009 MarseilleLundi \u00e0 samedi : 9H-20H Librairie Prado Paradis T\u00e9l.&nbsp; 04 91 76 55 9619 av. de Mazargues13008 MarseilleLundi \u00e0 samedi : 10H-19HJuillet-ao\u00fbt &hellip; Continue reading \"Points-de-vente-1\"","og_url":"https:\/\/anna-terrae.com\/index.php\/points-de-vente\/","og_site_name":"Anna Terrae","article_modified_time":"2024-05-30T16:17:08+00:00","twitter_card":"summary_large_image","schema":{"@context":"https:\/\/schema.org","@graph":[{"@type":"WebPage","@id":"https:\/\/anna-terrae.com\/index.php\/points-de-vente\/","url":"https:\/\/anna-terrae.com\/index.php\/points-de-vente\/","name":"Points-de-vente-1 - Anna Terrae","isPartOf":{"@id":"https:\/\/anna-terrae.com\/#website"},"datePublished":"2024-04-04T17:10:02+00:00","dateModified":"2024-05-30T16:17:08+00:00","breadcrumb":{"@id":"https:\/\/anna-terrae.com\/index.php\/points-de-vente\/#breadcrumb"},"inLanguage":"fr-FR","potentialAction":[{"@type":"ReadAction","target":["https:\/\/anna-terrae.com\/index.php\/points-de-vente\/"]}]},{"@type":"BreadcrumbList","@id":"https:\/\/anna-terrae.com\/index.php\/points-de-vente\/#breadcrumb","itemListElement":[{"@type":"ListItem","position":1,"name":"Accueil","item":"https:\/\/anna-terrae.com\/"},{"@type":"ListItem","position":2,"name":"Points-de-vente-1"}]},{"@type":"WebSite","@id":"https:\/\/anna-terrae.com\/#website","url":"https:\/\/anna-terrae.com\/","name":"Anna Terrae","description":"","publisher":{"@id":"https:\/\/anna-terrae.com\/#\/schema\/person\/d062b9c9a9a1545505b24f7891d91c12"},"potentialAction":[{"@type":"SearchAction","target":{"@type":"EntryPoint","urlTemplate":"https:\/\/anna-terrae.com\/?s={search_term_string}"},"query-input":{"@type":"PropertyValueSpecification","valueRequired":true,"valueName":"search_term_string"}}],"inLanguage":"fr-FR"},{"@type":["Person","Organization"],"@id":"https:\/\/anna-terrae.com\/#\/schema\/person\/d062b9c9a9a1545505b24f7891d91c12","name":"Anna Terrae","image":{"@type":"ImageObject","inLanguage":"fr-FR","@id":"https:\/\/secure.gravatar.com\/avatar\/68fe86b675bc3a49066a88fbaa01ab9f4a09a64b93e7174b1ed3695be7842049?s=96&d=mm&r=g","url":"https:\/\/secure.gravatar.com\/avatar\/68fe86b675bc3a49066a88fbaa01ab9f4a09a64b93e7174b1ed3695be7842049?s=96&d=mm&r=g","contentUrl":"https:\/\/secure.gravatar.com\/avatar\/68fe86b675bc3a49066a88fbaa01ab9f4a09a64b93e7174b1ed3695be7842049?s=96&d=mm&r=g","caption":"Anna Terrae"},"logo":{"@id":"https:\/\/secure.gravatar.com\/avatar\/68fe86b675bc3a49066a88fbaa01ab9f4a09a64b93e7174b1ed3695be7842049?s=96&d=mm&r=g"}}]}},"_links":{"self":[{"href":"https:\/\/anna-terrae.com\/index.php\/wp-json\/wp\/v2\/pages\/83","targetHints":{"allow":["GET"]}}],"collection":[{"href":"https:\/\/anna-terrae.com\/index.php\/wp-json\/wp\/v2\/pages"}],"about":[{"href":"https:\/\/anna-terrae.com\/index.php\/wp-json\/wp\/v2\/types\/page"}],"author":[{"embeddable":true,"href":"https:\/\/anna-terrae.com\/index.php\/wp-json\/wp\/v2\/users\/1"}],"replies":[{"embeddable":true,"href":"https:\/\/anna-terrae.com\/index.php\/wp-json\/wp\/v2\/comments?post=83"}],"version-history":[{"count":73,"href":"https:\/\/anna-terrae.com\/index.php\/wp-json\/wp\/v2\/pages\/83\/revisions"}],"predecessor-version":[{"id":727,"href":"https:\/\/anna-terrae.com\/index.php\/wp-json\/wp\/v2\/pages\/83\/revisions\/727"}],"wp:attachment":[{"href":"https:\/\/anna-terrae.com\/index.php\/wp-json\/wp\/v2\/media?parent=83"}],"curies":[{"name":"wp","href":"https:\/\/api.w.org\/{rel}","templated":true}]}}